{"id":92,"date":"2026-03-28T15:19:21","date_gmt":"2026-03-28T15:19:21","guid":{"rendered":"https:\/\/kalahariconservation.ch\/?page_id=92"},"modified":"2026-04-06T10:55:10","modified_gmt":"2026-04-06T10:55:10","slug":"home","status":"publish","type":"page","link":"https:\/\/kalahariconservation.ch\/en\/","title":{"rendered":"Home"},"content":{"rendered":"<div class=\"wp-block-cover alignfull has-custom-content-position is-position-top-center\" style=\"padding-top:var(--wp--preset--spacing--50);padding-right:var(--wp--preset--spacing--30);padding-bottom:var(--wp--preset--spacing--50);padding-left:var(--wp--preset--spacing--30);min-height:966px;aspect-ratio:unset;\"><img loading=\"lazy\" decoding=\"async\" width=\"2560\" height=\"1700\" class=\"wp-block-cover__image-background wp-image-39 size-full\" alt=\"\" src=\"https:\/\/kalahariconservation.ch\/wp-content\/uploads\/2026\/03\/HS8_5061-65-scaled.jpg\" data-object-fit=\"cover\" srcset=\"https:\/\/kalahariconservation.ch\/wp-content\/uploads\/2026\/03\/HS8_5061-65-scaled.jpg 2560w, https:\/\/kalahariconservation.ch\/wp-content\/uploads\/2026\/03\/HS8_5061-65-300x199.jpg 300w, https:\/\/kalahariconservation.ch\/wp-content\/uploads\/2026\/03\/HS8_5061-65-1024x680.jpg 1024w, https:\/\/kalahariconservation.ch\/wp-content\/uploads\/2026\/03\/HS8_5061-65-768x510.jpg 768w, https:\/\/kalahariconservation.ch\/wp-content\/uploads\/2026\/03\/HS8_5061-65-1536x1020.jpg 1536w, https:\/\/kalahariconservation.ch\/wp-content\/uploads\/2026\/03\/HS8_5061-65-2048x1360.jpg 2048w\" sizes=\"auto, (max-width: 2560px) 100vw, 2560px\" \/><span aria-hidden=\"true\" class=\"wp-block-cover__background has-background-dim-0 has-background-dim\" style=\"background-color:#45445c\"><\/span><div class=\"wp-block-cover__inner-container has-global-padding is-layout-constrained wp-container-core-cover-is-layout-1c074333 wp-block-cover-is-layout-constrained\">\n<div class=\"wp-block-group alignwide has-global-padding is-content-justification-left is-layout-constrained wp-container-core-group-is-layout-c293411c wp-block-group-is-layout-constrained\" style=\"margin-top:0;margin-bottom:0\">\n<h2 class=\"wp-block-heading has-text-align-left has-xx-large-font-size\" style=\"margin-top:var(--wp--preset--spacing--50);margin-bottom:var(--wp--preset--spacing--50)\"><strong>Kalahari Conservation<\/strong><\/h2>\n\n\n\n<p class=\"has-large-font-size\" style=\"margin-top:var(--wp--preset--spacing--50);margin-bottom:var(--wp--preset--spacing--50)\"><strong><em>From farmland to wilderness \u2013 a real conservation project in Namibia<\/em><\/strong><\/p>\n\n\n\n<p class=\"has-large-font-size\" style=\"margin-top:var(--wp--preset--spacing--50);margin-right:0;margin-bottom:var(--wp--preset--spacing--50);margin-left:0;padding-right:0;padding-left:0\"><strong>A family still relies on livestock farming today \u2013 but step by step, a new vision is taking shape: fewer fences, more wildlife, and a sustainable income through tourism.<\/strong><\/p>\n\n\n\n<p class=\"has-large-font-size\" style=\"margin-top:var(--wp--preset--spacing--50);margin-bottom:var(--wp--preset--spacing--50)\"><strong>This project shows how conservation can work in practice.<\/strong><\/p>\n\n\n\n<div class=\"wp-block-buttons is-layout-flex wp-block-buttons-is-layout-flex\">\n<div class=\"wp-block-button\"><a class=\"wp-block-button__link has-background wp-element-button\" href=\"https:\/\/kalahariconservation.ch\/en\/projekt\/\" style=\"background-color:#a34722\" target=\"_blank\" rel=\"noreferrer noopener\"><strong><strong>Explore the project<\/strong><\/strong><\/a><\/div>\n<\/div>\n<\/div>\n<\/div><\/div>\n\n\n\n<div class=\"wp-block-group alignfull is-style-section-5 has-base-background-color has-background has-global-padding is-layout-constrained wp-block-group-is-layout-constrained is-style-section-5--1\" style=\"margin-top:var(--wp--preset--spacing--60);margin-bottom:var(--wp--preset--spacing--60);padding-top:var(--wp--preset--spacing--60);padding-bottom:var(--wp--preset--spacing--60)\">\n<div class=\"wp-block-columns alignwide is-layout-flex wp-container-core-columns-is-layout-7ee84d44 wp-block-columns-is-layout-flex\">\n<div class=\"wp-block-column is-vertically-aligned-center has-contrast-color has-text-color has-link-color wp-elements-e4f17d3aaae78b8c947c36e31ea0a1c9 is-layout-flow wp-container-core-column-is-layout-1a3d6b99 wp-block-column-is-layout-flow\" style=\"padding-top:0;padding-bottom:0;flex-basis:50%\">\n<h2 class=\"wp-block-heading has-contrast-color has-text-color has-link-color wp-elements-e75c0459d40579d55a1cd07fc8a33f24\" style=\"margin-top:0;margin-bottom:0\"><strong><strong>Why change is necessary<\/strong><\/strong><\/h2>\n\n\n\n<p class=\"has-large-font-size\">The Kalahari is one of Africa's most fascinating ecosystems. But in many places it is under pressure:<\/p>\n\n\n\n<ul class=\"wp-block-list is-style-default\">\n<li class=\"has-large-font-size\">Overgrazing puts a strain on the soil.<\/li>\n\n\n\n<li class=\"has-large-font-size\">Fences prevent the natural migration of wild animals.<\/li>\n\n\n\n<li class=\"has-large-font-size\">Habitats are becoming fragmented<\/li>\n<\/ul>\n\n\n\n<p class=\"has-large-font-size\">What remains is a landscape that is increasingly losing its balance.<\/p>\n<\/div>\n\n\n\n<div class=\"wp-block-column is-vertically-aligned-center is-layout-flow wp-block-column-is-layout-flow\" style=\"flex-basis:50%\">\n<figure class=\"wp-block-image size-full\"><img loading=\"lazy\" decoding=\"async\" width=\"2560\" height=\"2560\" src=\"https:\/\/kalahariconservation.ch\/wp-content\/uploads\/2026\/03\/IMG_6786-scaled.jpg\" alt=\"\" class=\"wp-image-42\" style=\"aspect-ratio:1;object-fit:cover\" srcset=\"https:\/\/kalahariconservation.ch\/wp-content\/uploads\/2026\/03\/IMG_6786-scaled.jpg 2560w, https:\/\/kalahariconservation.ch\/wp-content\/uploads\/2026\/03\/IMG_6786-300x300.jpg 300w, https:\/\/kalahariconservation.ch\/wp-content\/uploads\/2026\/03\/IMG_6786-1024x1024.jpg 1024w, https:\/\/kalahariconservation.ch\/wp-content\/uploads\/2026\/03\/IMG_6786-150x150.jpg 150w, https:\/\/kalahariconservation.ch\/wp-content\/uploads\/2026\/03\/IMG_6786-768x768.jpg 768w, https:\/\/kalahariconservation.ch\/wp-content\/uploads\/2026\/03\/IMG_6786-1536x1536.jpg 1536w, https:\/\/kalahariconservation.ch\/wp-content\/uploads\/2026\/03\/IMG_6786-2048x2048.jpg 2048w\" sizes=\"auto, (max-width: 2560px) 100vw, 2560px\" \/><\/figure>\n<\/div>\n<\/div>\n<\/div>\n\n\n\n<div class=\"wp-block-group alignfull is-style-section-5 has-background has-global-padding is-layout-constrained wp-block-group-is-layout-constrained is-style-section-5--2\" style=\"background-color:#a34722;margin-top:var(--wp--preset--spacing--60);margin-bottom:var(--wp--preset--spacing--60);padding-top:var(--wp--preset--spacing--50);padding-bottom:var(--wp--preset--spacing--50)\">\n<div class=\"wp-block-columns alignwide is-layout-flex wp-container-core-columns-is-layout-7ee84d44 wp-block-columns-is-layout-flex\">\n<div class=\"wp-block-column is-vertically-aligned-center is-layout-flow wp-block-column-is-layout-flow\" style=\"flex-basis:50%\">\n<figure class=\"wp-block-image size-full\"><img loading=\"lazy\" decoding=\"async\" width=\"2560\" height=\"2560\" src=\"https:\/\/kalahariconservation.ch\/wp-content\/uploads\/2026\/03\/IMG_6311-scaled.jpg\" alt=\"\" class=\"wp-image-41\" style=\"aspect-ratio:1;object-fit:cover\" srcset=\"https:\/\/kalahariconservation.ch\/wp-content\/uploads\/2026\/03\/IMG_6311-scaled.jpg 2560w, https:\/\/kalahariconservation.ch\/wp-content\/uploads\/2026\/03\/IMG_6311-300x300.jpg 300w, https:\/\/kalahariconservation.ch\/wp-content\/uploads\/2026\/03\/IMG_6311-1024x1024.jpg 1024w, https:\/\/kalahariconservation.ch\/wp-content\/uploads\/2026\/03\/IMG_6311-150x150.jpg 150w, https:\/\/kalahariconservation.ch\/wp-content\/uploads\/2026\/03\/IMG_6311-768x768.jpg 768w, https:\/\/kalahariconservation.ch\/wp-content\/uploads\/2026\/03\/IMG_6311-1536x1536.jpg 1536w, https:\/\/kalahariconservation.ch\/wp-content\/uploads\/2026\/03\/IMG_6311-2048x2048.jpg 2048w\" sizes=\"auto, (max-width: 2560px) 100vw, 2560px\" \/><\/figure>\n<\/div>\n\n\n\n<div class=\"wp-block-column is-vertically-aligned-center has-base-color has-text-color has-link-color wp-elements-68beaf339054482d4cc5c47d1d555722 is-layout-flow wp-container-core-column-is-layout-1a3d6b99 wp-block-column-is-layout-flow\" style=\"padding-top:0;padding-bottom:0;flex-basis:50%\">\n<h2 class=\"wp-block-heading has-base-color has-text-color has-link-color wp-elements-e4d6c0a43ada600fa45a18f90b0ae372\" style=\"margin-top:0;margin-bottom:0\"><strong><strong><strong><strong>Conservation needs perspectives<\/strong><\/strong><\/strong><\/strong><\/h2>\n\n\n\n<p class=\"has-large-font-size\">A family of six lives on the project site.<br>Livestock farming is now their most important source of income \u2013 and therefore essential for their survival.<\/p>\n\n\n\n<p class=\"has-large-font-size\">An immediate renunciation is not possible.<\/p>\n\n\n\n<p class=\"has-large-font-size\">Sustainable nature conservation can only work if it takes into account people's everyday lives.<\/p>\n<\/div>\n<\/div>\n<\/div>\n\n\n\n<div class=\"wp-block-group alignfull is-style-section-5 has-base-background-color has-background has-global-padding is-layout-constrained wp-block-group-is-layout-constrained is-style-section-5--3\" style=\"margin-top:var(--wp--preset--spacing--60);margin-bottom:var(--wp--preset--spacing--60);padding-top:var(--wp--preset--spacing--50);padding-bottom:var(--wp--preset--spacing--50)\">\n<div class=\"wp-block-columns alignwide is-layout-flex wp-container-core-columns-is-layout-7ee84d44 wp-block-columns-is-layout-flex\">\n<div class=\"wp-block-column is-vertically-aligned-center has-contrast-color has-text-color has-link-color wp-elements-29bb17c137e361ab29d616e0ea98c575 is-layout-flow wp-container-core-column-is-layout-119bc444 wp-block-column-is-layout-flow\" style=\"flex-basis:50%\">\n<h2 class=\"wp-block-heading\"><strong>A realistic way back to nature<\/strong><\/h2>\n\n\n\n<p class=\"has-large-font-size\">Instead of radical changes, we are focusing on a gradual transition:<\/p>\n\n\n\n<ul class=\"wp-block-list\">\n<li class=\"has-large-font-size\">Reduction of livestock numbers over time<\/li>\n\n\n\n<li class=\"has-large-font-size\">Development of wildlife tourism<\/li>\n\n\n\n<li class=\"has-large-font-size\">Dismantling of fences<\/li>\n\n\n\n<li class=\"has-large-font-size\">Restoration of natural habitats<\/li>\n<\/ul>\n\n\n\n<p class=\"has-large-font-size\">This creates a system that is both ecologically and economically sustainable.<\/p>\n<\/div>\n\n\n\n<div class=\"wp-block-column is-vertically-aligned-center is-layout-flow wp-block-column-is-layout-flow\" style=\"flex-basis:50%\">\n<figure class=\"wp-block-image size-full\"><img loading=\"lazy\" decoding=\"async\" width=\"2560\" height=\"2560\" src=\"https:\/\/kalahariconservation.ch\/wp-content\/uploads\/2026\/03\/HS8_0402-scaled.jpg\" alt=\"\" class=\"wp-image-38\" style=\"aspect-ratio:1;object-fit:cover\" srcset=\"https:\/\/kalahariconservation.ch\/wp-content\/uploads\/2026\/03\/HS8_0402-scaled.jpg 2560w, https:\/\/kalahariconservation.ch\/wp-content\/uploads\/2026\/03\/HS8_0402-300x300.jpg 300w, https:\/\/kalahariconservation.ch\/wp-content\/uploads\/2026\/03\/HS8_0402-1024x1024.jpg 1024w, https:\/\/kalahariconservation.ch\/wp-content\/uploads\/2026\/03\/HS8_0402-150x150.jpg 150w, https:\/\/kalahariconservation.ch\/wp-content\/uploads\/2026\/03\/HS8_0402-768x768.jpg 768w, https:\/\/kalahariconservation.ch\/wp-content\/uploads\/2026\/03\/HS8_0402-1536x1536.jpg 1536w, https:\/\/kalahariconservation.ch\/wp-content\/uploads\/2026\/03\/HS8_0402-2048x2048.jpg 2048w\" sizes=\"auto, (max-width: 2560px) 100vw, 2560px\" \/><\/figure>\n<\/div>\n<\/div>\n<\/div>\n\n\n\n<div class=\"wp-block-group alignfull is-style-section-5 has-background has-global-padding is-layout-constrained wp-block-group-is-layout-constrained is-style-section-5--4\" style=\"background-color:#a34722;margin-top:var(--wp--preset--spacing--60);margin-bottom:var(--wp--preset--spacing--60);padding-top:var(--wp--preset--spacing--50);padding-bottom:var(--wp--preset--spacing--50)\">\n<div class=\"wp-block-columns alignwide is-layout-flex wp-container-core-columns-is-layout-7ee84d44 wp-block-columns-is-layout-flex\">\n<div class=\"wp-block-column is-vertically-aligned-center is-layout-flow wp-block-column-is-layout-flow\" style=\"flex-basis:50%\">\n<figure class=\"wp-block-image size-full\"><img loading=\"lazy\" decoding=\"async\" width=\"2560\" height=\"2560\" src=\"https:\/\/kalahariconservation.ch\/wp-content\/uploads\/2026\/03\/Z94_8467-scaled.jpg\" alt=\"\" class=\"wp-image-44\" style=\"aspect-ratio:1;object-fit:cover\" srcset=\"https:\/\/kalahariconservation.ch\/wp-content\/uploads\/2026\/03\/Z94_8467-scaled.jpg 2560w, https:\/\/kalahariconservation.ch\/wp-content\/uploads\/2026\/03\/Z94_8467-300x300.jpg 300w, https:\/\/kalahariconservation.ch\/wp-content\/uploads\/2026\/03\/Z94_8467-1024x1024.jpg 1024w, https:\/\/kalahariconservation.ch\/wp-content\/uploads\/2026\/03\/Z94_8467-150x150.jpg 150w, https:\/\/kalahariconservation.ch\/wp-content\/uploads\/2026\/03\/Z94_8467-768x768.jpg 768w, https:\/\/kalahariconservation.ch\/wp-content\/uploads\/2026\/03\/Z94_8467-1536x1536.jpg 1536w, https:\/\/kalahariconservation.ch\/wp-content\/uploads\/2026\/03\/Z94_8467-2048x2048.jpg 2048w\" sizes=\"auto, (max-width: 2560px) 100vw, 2560px\" \/><\/figure>\n<\/div>\n\n\n\n<div class=\"wp-block-column is-vertically-aligned-center has-base-color has-text-color has-link-color wp-elements-31ca7583942b6462c14436fdd52d8dec is-layout-flow wp-container-core-column-is-layout-119bc444 wp-block-column-is-layout-flow\" style=\"flex-basis:50%\">\n<h2 class=\"wp-block-heading has-base-color has-text-color has-link-color wp-elements-c82135b9cc7c83a428b7436b2f9570a6\" style=\"margin-top:var(--wp--preset--spacing--40);margin-bottom:var(--wp--preset--spacing--40)\"><strong><strong><strong><strong><strong>A landscape without borders<\/strong><\/strong><\/strong><\/strong><\/strong><\/h2>\n\n\n\n<p class=\"has-large-font-size\">Our vision is an open Kalahari where wildlife can move freely again.<\/p>\n\n\n\n<p class=\"has-large-font-size\">A landscape,<\/p>\n\n\n\n<ul class=\"wp-block-list\">\n<li class=\"has-large-font-size\">where ecosystems regenerate<\/li>\n\n\n\n<li class=\"has-large-font-size\">where people can live well from sustainable tourism<\/li>\n\n\n\n<li class=\"has-large-font-size\">in which nature is given more space<\/li>\n<\/ul>\n<\/div>\n<\/div>\n<\/div>\n\n\n\n<div class=\"wp-block-group alignfull is-style-section-5 has-base-background-color has-background has-global-padding is-layout-constrained wp-block-group-is-layout-constrained is-style-section-5--5\" style=\"margin-top:var(--wp--preset--spacing--60);margin-bottom:var(--wp--preset--spacing--60);padding-top:var(--wp--preset--spacing--50);padding-bottom:var(--wp--preset--spacing--50)\">\n<div class=\"wp-block-columns alignwide is-layout-flex wp-container-core-columns-is-layout-7ee84d44 wp-block-columns-is-layout-flex\">\n<div class=\"wp-block-column is-vertically-aligned-center has-contrast-color has-text-color has-link-color wp-elements-10b093b49d78a8bf9ed54e7f37d77944 is-layout-flow wp-container-core-column-is-layout-119bc444 wp-block-column-is-layout-flow\" style=\"flex-basis:50%\">\n<h2 class=\"wp-block-heading has-contrast-color has-text-color has-link-color wp-elements-5859bfd7013bab3af2027b18a9da6b81\"><strong><strong>On location in Namibia<\/strong><\/strong><\/h2>\n\n\n\n<p class=\"is-style-default has-large-font-size\">Kalahari Conservation is a long-term project that is currently under development.<\/p>\n\n\n\n<p class=\"has-large-font-size\">It is being developed in close collaboration with local partners \u2013 step by step and adapted to the reality of the region.<\/p>\n\n\n\n<p class=\"has-large-font-size\">The focus is not on quick solutions, but on sustainable development.<\/p>\n<\/div>\n\n\n\n<div class=\"wp-block-column is-vertically-aligned-center is-layout-flow wp-block-column-is-layout-flow\" style=\"flex-basis:50%\">\n<figure class=\"wp-block-image size-full\"><img loading=\"lazy\" decoding=\"async\" width=\"2433\" height=\"2433\" src=\"https:\/\/kalahariconservation.ch\/wp-content\/uploads\/2026\/03\/IMG_6798.jpg\" alt=\"\" class=\"wp-image-43\" style=\"aspect-ratio:1;object-fit:cover\" srcset=\"https:\/\/kalahariconservation.ch\/wp-content\/uploads\/2026\/03\/IMG_6798.jpg 2433w, https:\/\/kalahariconservation.ch\/wp-content\/uploads\/2026\/03\/IMG_6798-300x300.jpg 300w, https:\/\/kalahariconservation.ch\/wp-content\/uploads\/2026\/03\/IMG_6798-1024x1024.jpg 1024w, https:\/\/kalahariconservation.ch\/wp-content\/uploads\/2026\/03\/IMG_6798-150x150.jpg 150w, https:\/\/kalahariconservation.ch\/wp-content\/uploads\/2026\/03\/IMG_6798-768x768.jpg 768w, https:\/\/kalahariconservation.ch\/wp-content\/uploads\/2026\/03\/IMG_6798-1536x1536.jpg 1536w, https:\/\/kalahariconservation.ch\/wp-content\/uploads\/2026\/03\/IMG_6798-2048x2048.jpg 2048w\" sizes=\"auto, (max-width: 2433px) 100vw, 2433px\" \/><\/figure>\n<\/div>\n<\/div>\n<\/div>\n\n\n\n<div class=\"wp-block-group alignfull is-style-section-5 has-background has-global-padding is-layout-constrained wp-block-group-is-layout-constrained is-style-section-5--6\" style=\"background-color:#a34722;margin-top:var(--wp--preset--spacing--60);margin-bottom:var(--wp--preset--spacing--60);padding-top:var(--wp--preset--spacing--50);padding-bottom:var(--wp--preset--spacing--50)\">\n<div class=\"wp-block-columns alignwide is-layout-flex wp-container-core-columns-is-layout-7ee84d44 wp-block-columns-is-layout-flex\">\n<div class=\"wp-block-column is-vertically-aligned-center is-layout-flow wp-block-column-is-layout-flow\" style=\"flex-basis:50%\">\n<figure class=\"wp-block-image size-large\"><img loading=\"lazy\" decoding=\"async\" width=\"1024\" height=\"1024\" src=\"https:\/\/kalahariconservation.ch\/wp-content\/uploads\/2026\/03\/IMG_6314-1024x1024.png\" alt=\"\" class=\"wp-image-310\" style=\"aspect-ratio:1;object-fit:cover\" srcset=\"https:\/\/kalahariconservation.ch\/wp-content\/uploads\/2026\/03\/IMG_6314-1024x1024.png 1024w, https:\/\/kalahariconservation.ch\/wp-content\/uploads\/2026\/03\/IMG_6314-300x300.png 300w, https:\/\/kalahariconservation.ch\/wp-content\/uploads\/2026\/03\/IMG_6314-150x150.png 150w, https:\/\/kalahariconservation.ch\/wp-content\/uploads\/2026\/03\/IMG_6314-768x768.png 768w, https:\/\/kalahariconservation.ch\/wp-content\/uploads\/2026\/03\/IMG_6314-1536x1536.png 1536w, https:\/\/kalahariconservation.ch\/wp-content\/uploads\/2026\/03\/IMG_6314-2048x2048.png 2048w\" sizes=\"auto, (max-width: 1024px) 100vw, 1024px\" \/><\/figure>\n<\/div>\n\n\n\n<div class=\"wp-block-column is-vertically-aligned-center has-base-color has-text-color has-link-color wp-elements-9354723cd3d2b492715d9680e6fa59a6 is-layout-flow wp-container-core-column-is-layout-119bc444 wp-block-column-is-layout-flow\" style=\"flex-basis:50%\">\n<h2 class=\"wp-block-heading has-base-color has-text-color has-link-color wp-elements-cff607a3cc87a37c3ede4f1ab77b9978\"><strong>Behind Kalahari Conservation<\/strong><\/h2>\n\n\n\n<p class=\"is-style-default has-large-font-size\">I have spent many years exploring African nature. My experiences in wildlife photography have shown me how closely humans and ecosystems are connected.<\/p>\n\n\n\n<p class=\"has-large-font-size\">With Kalahari Conservation, I pursue the goal of developing a practical form of nature conservation \u2013 one that both protects nature and offers prospects to the local people.<\/p>\n\n\n\n<p class=\"has-medium-font-size\">Wynand Saayman (left) and Herbert Smrcek (right) are the driving forces behind the project.<\/p>\n<\/div>\n<\/div>\n<\/div>\n\n\n\n<div class=\"wp-block-group alignfull is-style-section-5 has-base-background-color has-background has-global-padding is-layout-constrained wp-block-group-is-layout-constrained is-style-section-5--7\" style=\"margin-top:var(--wp--preset--spacing--60);margin-bottom:var(--wp--preset--spacing--60);padding-top:var(--wp--preset--spacing--50);padding-bottom:var(--wp--preset--spacing--50)\">\n<div class=\"wp-block-columns alignwide is-layout-flex wp-container-core-columns-is-layout-7ee84d44 wp-block-columns-is-layout-flex\">\n<div class=\"wp-block-column is-vertically-aligned-center has-contrast-color has-text-color has-link-color wp-elements-6e378c3b69403d34e867d17e717da53a is-layout-flow wp-container-core-column-is-layout-119bc444 wp-block-column-is-layout-flow\" style=\"flex-basis:50%\">\n<h2 class=\"wp-block-heading has-contrast-color has-text-color has-link-color wp-elements-608e59b9fe433f43f8c9c90744327d77\"><strong><strong><strong>Be part of the project<\/strong><\/strong><\/strong><\/h2>\n\n\n\n<p class=\"has-large-font-size\">The development of this project thrives on exchange, ideas, and partnerships.<\/p>\n\n\n\n<p class=\"has-large-font-size\">If you would like to learn more or be involved in the project, I would be delighted to hear from you.<\/p>\n\n\n\n<div class=\"wp-block-buttons is-content-justification-center is-layout-flex wp-container-core-buttons-is-layout-34f96b6b wp-block-buttons-is-layout-flex\" style=\"margin-top:var(--wp--preset--spacing--60);margin-bottom:var(--wp--preset--spacing--60)\">\n<div class=\"wp-block-button\"><a class=\"wp-block-button__link has-base-color has-text-color has-background has-link-color wp-element-button\" href=\"https:\/\/kalahariconservation.ch\/en\/kontakt2\/\" style=\"background-color:#a34722\"><strong>Contact<\/strong><\/a><\/div>\n<\/div>\n<\/div>\n\n\n\n<div class=\"wp-block-column is-vertically-aligned-center is-layout-flow wp-block-column-is-layout-flow\" style=\"flex-basis:50%\">\n<figure class=\"wp-block-image size-full\"><img loading=\"lazy\" decoding=\"async\" width=\"2560\" height=\"2560\" src=\"https:\/\/kalahariconservation.ch\/wp-content\/uploads\/2026\/03\/HS8_5587-scaled.jpg\" alt=\"\" class=\"wp-image-40\" style=\"aspect-ratio:1;object-fit:cover\" srcset=\"https:\/\/kalahariconservation.ch\/wp-content\/uploads\/2026\/03\/HS8_5587-scaled.jpg 2560w, https:\/\/kalahariconservation.ch\/wp-content\/uploads\/2026\/03\/HS8_5587-300x300.jpg 300w, https:\/\/kalahariconservation.ch\/wp-content\/uploads\/2026\/03\/HS8_5587-1024x1024.jpg 1024w, https:\/\/kalahariconservation.ch\/wp-content\/uploads\/2026\/03\/HS8_5587-150x150.jpg 150w, https:\/\/kalahariconservation.ch\/wp-content\/uploads\/2026\/03\/HS8_5587-768x768.jpg 768w, https:\/\/kalahariconservation.ch\/wp-content\/uploads\/2026\/03\/HS8_5587-1536x1536.jpg 1536w, https:\/\/kalahariconservation.ch\/wp-content\/uploads\/2026\/03\/HS8_5587-2048x2048.jpg 2048w\" sizes=\"auto, (max-width: 2560px) 100vw, 2560px\" \/><\/figure>\n<\/div>\n<\/div>\n<\/div>","protected":false},"excerpt":{"rendered":"<p>Warum Ver\u00e4nderung notwendig ist Die Kalahari geh\u00f6rt zu den faszinierendsten \u00d6kosystemen Afrikas. Doch vielerorts steht sie unter Druck: Was bleibt, ist eine Landschaft, die ihr Gleichgewicht zunehmend verliert. Naturschutz braucht Perspektiven Auf dem Projektgebiet lebt eine sechsk\u00f6pfige Familie.Die Viehwirtschaft ist heute ihre wichtigste Einkommensquelle \u2013 und damit existenziell. Ein sofortiger Verzicht ist nicht m\u00f6glich. Nachhaltiger [&hellip;]<\/p>\n","protected":false},"author":1,"featured_media":0,"parent":0,"menu_order":0,"comment_status":"open","ping_status":"closed","template":"","meta":{"footnotes":""},"class_list":["post-92","page","type-page","status-publish","hentry"],"_links":{"self":[{"href":"https:\/\/kalahariconservation.ch\/en\/wp-json\/wp\/v2\/pages\/92","targetHints":{"allow":["GET"]}}],"collection":[{"href":"https:\/\/kalahariconservation.ch\/en\/wp-json\/wp\/v2\/pages"}],"about":[{"href":"https:\/\/kalahariconservation.ch\/en\/wp-json\/wp\/v2\/types\/page"}],"author":[{"embeddable":true,"href":"https:\/\/kalahariconservation.ch\/en\/wp-json\/wp\/v2\/users\/1"}],"replies":[{"embeddable":true,"href":"https:\/\/kalahariconservation.ch\/en\/wp-json\/wp\/v2\/comments?post=92"}],"version-history":[{"count":78,"href":"https:\/\/kalahariconservation.ch\/en\/wp-json\/wp\/v2\/pages\/92\/revisions"}],"predecessor-version":[{"id":614,"href":"https:\/\/kalahariconservation.ch\/en\/wp-json\/wp\/v2\/pages\/92\/revisions\/614"}],"wp:attachment":[{"href":"https:\/\/kalahariconservation.ch\/en\/wp-json\/wp\/v2\/media?parent=92"}],"curies":[{"name":"wp","href":"https:\/\/api.w.org\/{rel}","templated":true}]}}